{"id":5557,"date":"2020-06-04T10:31:50","date_gmt":"2020-06-04T02:31:50","guid":{"rendered":"http:\/\/140.122.64.136\/arthistory\/?page_id=5557"},"modified":"2026-01-27T11:48:01","modified_gmt":"2026-01-27T03:48:01","slug":"adjunct-faculty-2","status":"publish","type":"page","link":"https:\/\/arthistory.ntnu.edu.tw\/index.php\/adjunct-faculty-2\/","title":{"rendered":"Adjunct Faculty"},"content":{"rendered":"\t\t<div data-elementor-type=\"wp-post\" data-elementor-id=\"5557\" class=\"elementor elementor-5557\">\n\t\t\t\t\t\t<section class=\"elementor-section elementor-top-section elementor-element elementor-element-3483a62 elementor-section-boxed elementor-section-height-default elementor-section-height-default\" data-id=\"3483a62\" data-element_type=\"section\">\n\t\t\t\t\t\t<div class=\"elementor-container elementor-column-gap-default\">\n\t\t\t\t\t<div class=\"elementor-column elementor-col-100 elementor-top-column elementor-element elementor-element-78ec63f\" data-id=\"78ec63f\" data-element_type=\"column\">\n\t\t\t<div class=\"elementor-widget-wrap elementor-element-populated\">\n\t\t\t\t\t\t<div class=\"elementor-element elementor-element-ed3c9a6 elementor-widget elementor-widget-heading\" data-id=\"ed3c9a6\" data-element_type=\"widget\" data-widget_type=\"heading.default\">\n\t\t\t\t<div class=\"elementor-widget-container\">\n\t\t\t\t\t<h2 class=\"elementor-heading-title elementor-size-default\">Adjunct faculty<\/h2>\t\t\t\t<\/div>\n\t\t\t\t<\/div>\n\t\t\t\t\t<\/div>\n\t\t<\/div>\n\t\t\t\t\t<\/div>\n\t\t<\/section>\n\t\t\t\t<section class=\"elementor-section elementor-top-section elementor-element elementor-element-bb7d04e elementor-section-boxed elementor-section-height-default elementor-section-height-default\" data-id=\"bb7d04e\" data-element_type=\"section\">\n\t\t\t\t\t\t<div class=\"elementor-container elementor-column-gap-default\">\n\t\t\t\t\t<div class=\"elementor-column elementor-col-100 elementor-top-column elementor-element elementor-element-37d5871\" data-id=\"37d5871\" data-element_type=\"column\">\n\t\t\t<div class=\"elementor-widget-wrap elementor-element-populated\">\n\t\t\t\t\t\t<div class=\"elementor-element elementor-element-d07ddd6 elementor-widget elementor-widget-text-editor\" data-id=\"d07ddd6\" data-element_type=\"widget\" data-widget_type=\"text-editor.default\">\n\t\t\t\t<div class=\"elementor-widget-container\">\n\t\t\t\t\t\t\t\t\t<p><strong><span style=\"color: #c48e4c;\"><a style=\"color: #c48e4c;\" href=\"https:\/\/arthistory.ntnu.edu.tw\/wp-content\/uploads\/2022\/10\/\u517c\u4efb\u5e2b\u8cc7-1.pdf\" target=\"_blank\" rel=\"noopener\">Contact Information (Click to view)<\/a><\/span><\/strong><\/p>\t\t\t\t\t\t\t\t<\/div>\n\t\t\t\t<\/div>\n\t\t\t\t\t<\/div>\n\t\t<\/div>\n\t\t\t\t\t<\/div>\n\t\t<\/section>\n\t\t\t\t<section class=\"elementor-section elementor-top-section elementor-element elementor-element-29ea9b3 elementor-section-boxed elementor-section-height-default elementor-section-height-default\" data-id=\"29ea9b3\" data-element_type=\"section\">\n\t\t\t\t\t\t<div class=\"elementor-container elementor-column-gap-default\">\n\t\t\t\t\t<div class=\"elementor-column elementor-col-50 elementor-top-column elementor-element elementor-element-0b7e1fa\" data-id=\"0b7e1fa\" data-element_type=\"column\">\n\t\t\t<div class=\"elementor-widget-wrap elementor-element-populated\">\n\t\t\t\t\t\t<div class=\"elementor-element elementor-element-e3e9084 elementor-position-left elementor-vertical-align-top elementor-widget elementor-widget-image-box\" data-id=\"e3e9084\" data-element_type=\"widget\" data-widget_type=\"image-box.default\">\n\t\t\t\t<div class=\"elementor-widget-container\">\n\t\t\t\t\t<div class=\"elementor-image-box-wrapper\"><figure class=\"elementor-image-box-img\"><a href=\"http:\/\/140.122.64.136\/arthistory\/index.php\/zh\/conference-paper-miho\/\" tabindex=\"-1\"><img decoding=\"async\" src=\"https:\/\/arthistory.ntnu.edu.tw\/wp-content\/uploads\/elementor\/thumbs\/876_6555ad54-oq68pjbygz3cspts3gai4pkgcrl8y4rgnnjevgkf0o.jpg\" title=\"876_6555ad54\" alt=\"Miho Fukuda\" loading=\"lazy\" \/><\/a><\/figure><div class=\"elementor-image-box-content\"><h3 class=\"elementor-image-box-title\"><a href=\"http:\/\/140.122.64.136\/arthistory\/index.php\/zh\/conference-paper-miho\/\">Fukuda Miho<\/a><\/h3><p class=\"elementor-image-box-description\"><b>Adjunct Associate Professor<\/b><br>Position: Associate Professor, Graduate School of Human Life and Ecology, Osaka Metropolitan University<br>Ph.D. (History of Architecture), Kyoto University, Japan<\/p><\/div><\/div>\t\t\t\t<\/div>\n\t\t\t\t<\/div>\n\t\t\t\t<div class=\"elementor-element elementor-element-7c981fd elementor-widget elementor-widget-text-editor\" data-id=\"7c981fd\" data-element_type=\"widget\" data-widget_type=\"text-editor.default\">\n\t\t\t\t<div class=\"elementor-widget-container\">\n\t\t\t\t\t\t\t\t\t<p><span style=\"color: #54595f; font-family: arial, 'Microsoft JhengHei', sans-serif; font-size: 14px; font-style: normal; font-variant-ligatures: normal; font-variant-caps: normal; font-weight: 400; white-space: pre-wrap;\">Specialization:<br \/><\/span><span style=\"color: #54595f;\"><span style=\"font-size: 14px; white-space: pre-wrap;\">History of Chinese Architecture, History of Chinese Gardens, History of Japanese Ancient Architecture and Gardens<\/span><\/span><\/p>\t\t\t\t\t\t\t\t<\/div>\n\t\t\t\t<\/div>\n\t\t\t\t\t<\/div>\n\t\t<\/div>\n\t\t\t\t<div class=\"elementor-column elementor-col-50 elementor-top-column elementor-element elementor-element-b83cf12\" data-id=\"b83cf12\" data-element_type=\"column\">\n\t\t\t<div class=\"elementor-widget-wrap elementor-element-populated\">\n\t\t\t\t\t\t<div class=\"elementor-element elementor-element-3545426 elementor-position-left elementor-vertical-align-top elementor-widget elementor-widget-image-box\" data-id=\"3545426\" data-element_type=\"widget\" data-widget_type=\"image-box.default\">\n\t\t\t\t<div class=\"elementor-widget-container\">\n\t\t\t\t\t<div class=\"elementor-image-box-wrapper\"><figure class=\"elementor-image-box-img\"><img decoding=\"async\" src=\"https:\/\/arthistory.ntnu.edu.tw\/wp-content\/uploads\/elementor\/thumbs\/1204_de2b0c16-oq68slb2ol9wj3e199tuqftduuj6ypw22rv80u1cso.jpg\" title=\"1204_de2b0c16\" alt=\"Lai Yu-chih\" loading=\"lazy\" \/><\/figure><div class=\"elementor-image-box-content\"><h3 class=\"elementor-image-box-title\"><span style=\", sans-serif;font-size: 20px;font-style: normal;font-weight: 600\">Lai <\/span>Yu-Chih<\/h3><p class=\"elementor-image-box-description\"><b>Adjunct Associate Professor<\/b><br>Position: Associate Researcher, Institute of Modern History, Academia Sinica<br>Ph.D. (Art History), Yale University, U.S.A.<\/p><\/div><\/div>\t\t\t\t<\/div>\n\t\t\t\t<\/div>\n\t\t\t\t<div class=\"elementor-element elementor-element-39afa0b elementor-widget elementor-widget-text-editor\" data-id=\"39afa0b\" data-element_type=\"widget\" data-widget_type=\"text-editor.default\">\n\t\t\t\t<div class=\"elementor-widget-container\">\n\t\t\t\t\t\t\t\t\t<p><span style=\"color: #54595f; font-family: arial, 'Microsoft JhengHei', sans-serif; font-size: 14px; font-style: normal; font-variant-ligatures: normal; font-variant-caps: normal; font-weight: 400; white-space: pre-wrap;\">Specialization:<br \/>Interflow of Visual Culture in Early Modern China and Japan, Studies of Imperial Qing Politics and Visual Culture, Sino-European Pictorial Interaction in Global Net<\/span><br style=\"color: #54595f; font-size: 14px; white-space: pre-wrap;\" \/><span style=\"color: #54595f; font-family: arial, 'Microsoft JhengHei', sans-serif; font-size: 14px; font-style: normal; font-variant-ligatures: normal; font-variant-caps: normal; font-weight: 400; white-space: pre-wrap;\">CV: <a href=\"https:\/\/reurl.cc\/E2gNgn\" target=\"_blank\" rel=\"noopener\">https:\/\/reurl.cc\/E2gNgn<\/a><\/span><\/p>\t\t\t\t\t\t\t\t<\/div>\n\t\t\t\t<\/div>\n\t\t\t\t\t<\/div>\n\t\t<\/div>\n\t\t\t\t\t<\/div>\n\t\t<\/section>\n\t\t\t\t<section class=\"elementor-section elementor-top-section elementor-element elementor-element-2c754ea elementor-section-boxed elementor-section-height-default elementor-section-height-default\" data-id=\"2c754ea\" data-element_type=\"section\">\n\t\t\t\t\t\t<div class=\"elementor-container elementor-column-gap-default\">\n\t\t\t\t\t<div class=\"elementor-column elementor-col-50 elementor-top-column elementor-element elementor-element-3860edd\" data-id=\"3860edd\" data-element_type=\"column\">\n\t\t\t<div class=\"elementor-widget-wrap elementor-element-populated\">\n\t\t\t\t\t\t<div class=\"elementor-element elementor-element-9a91ca7 elementor-position-left elementor-vertical-align-top elementor-widget elementor-widget-image-box\" data-id=\"9a91ca7\" data-element_type=\"widget\" data-widget_type=\"image-box.default\">\n\t\t\t\t<div class=\"elementor-widget-container\">\n\t\t\t\t\t<div class=\"elementor-image-box-wrapper\"><figure class=\"elementor-image-box-img\"><img decoding=\"async\" src=\"https:\/\/arthistory.ntnu.edu.tw\/wp-content\/uploads\/elementor\/thumbs\/_\u5927\u982d\u71674-oqr58pk0kmv71gdxo9ecouhuysnb07uacid1si7qq0.jpg\" title=\"DCIM100GOPROGOPR1494.\" alt=\"Wang Wei-chou\" loading=\"lazy\" \/><\/figure><div class=\"elementor-image-box-content\"><h3 class=\"elementor-image-box-title\"><span style=\", sans-serif;font-size: 20px;font-style: normal;font-weight: 600\">Wang <\/span>Wei-Chou<\/h3><p class=\"elementor-image-box-description\"><b>Adjunct Associate Professor<br><\/b><span style=\", sans-serif;font-size: 14px;font-style: normal;font-weight: 400\">Position: <\/span><span style=\", sans-serif;font-size: 14px;font-style: normal;font-weight: 400\">Founder &amp; Chair, Docomomo Taiwan<\/span><br>Centre des Hautes Etudes de Chaillot (France).<br>Architecture et Patrimoine, Centre des Hautes Etudes de Chaillot (France).<br>Architecte Dipl\u00f4m\u00e9 par le Gouvernement avec les f\u00e9licitations et l\u2019unanimit\u00e9 du jury, Ecole Nationale Sup\u00e9rieure d\u2019Architecture Paris-Belleville\n<\/p><\/div><\/div>\t\t\t\t<\/div>\n\t\t\t\t<\/div>\n\t\t\t\t<div class=\"elementor-element elementor-element-74c7f0e elementor-widget elementor-widget-text-editor\" data-id=\"74c7f0e\" data-element_type=\"widget\" data-widget_type=\"text-editor.default\">\n\t\t\t\t<div class=\"elementor-widget-container\">\n\t\t\t\t\t\t\t\t\t<p><span style=\"color: #54595f; font-family: arial, 'Microsoft JhengHei', sans-serif; font-size: 14px; font-style: normal; font-variant-ligatures: normal; font-variant-caps: normal; font-weight: 400; white-space: pre-wrap;\">Specialization: <br \/>European Architectural History and Architectural Maintenance, Preservation of Cultural Assets, Architectural Design and Planning, Southeast Asian Colonial Studies, Urban History and Modern Urban Planning, Block Preservation <\/span><\/p>\t\t\t\t\t\t\t\t<\/div>\n\t\t\t\t<\/div>\n\t\t\t\t\t<\/div>\n\t\t<\/div>\n\t\t\t\t<div class=\"elementor-column elementor-col-50 elementor-top-column elementor-element elementor-element-4274f09\" data-id=\"4274f09\" data-element_type=\"column\">\n\t\t\t<div class=\"elementor-widget-wrap elementor-element-populated\">\n\t\t\t\t\t\t<div class=\"elementor-element elementor-element-d1f5256 elementor-position-left elementor-vertical-align-top elementor-widget elementor-widget-image-box\" data-id=\"d1f5256\" data-element_type=\"widget\" data-widget_type=\"image-box.default\">\n\t\t\t\t<div class=\"elementor-widget-container\">\n\t\t\t\t\t<div class=\"elementor-image-box-wrapper\"><figure class=\"elementor-image-box-img\"><img fetchpriority=\"high\" decoding=\"async\" width=\"585\" height=\"882\" src=\"https:\/\/arthistory.ntnu.edu.tw\/wp-content\/uploads\/2020\/06\/\u6797\u7165\u76db\u8001\u5e2b.jpg\" class=\"attachment-full size-full wp-image-5903\" alt=\"Lin Huan-shen\" srcset=\"https:\/\/arthistory.ntnu.edu.tw\/wp-content\/uploads\/2020\/06\/\u6797\u7165\u76db\u8001\u5e2b.jpg 585w, https:\/\/arthistory.ntnu.edu.tw\/wp-content\/uploads\/2020\/06\/\u6797\u7165\u76db\u8001\u5e2b-199x300.jpg 199w\" sizes=\"(max-width: 585px) 100vw, 585px\" \/><\/figure><div class=\"elementor-image-box-content\"><h3 class=\"elementor-image-box-title\"><span style=\", sans-serif;font-size: 20px;font-style: normal;font-weight: 600\">Lin <\/span>Huan-Shen<\/h3><p class=\"elementor-image-box-description\"><b>Adjunct Associate Professor<\/b><br><span style=\", sans-serif;font-size: 14px;font-style: normal;font-weight: 400\">Position: <\/span>Associate Professor, Department of Cultural Heritage Conservation, National Yunlin University of Science and Technology<br>Doctoral Program (Design), Kyoto Institute of Technology, Japan<\/p><\/div><\/div>\t\t\t\t<\/div>\n\t\t\t\t<\/div>\n\t\t\t\t<div class=\"elementor-element elementor-element-d850d64 elementor-widget elementor-widget-text-editor\" data-id=\"d850d64\" data-element_type=\"widget\" data-widget_type=\"text-editor.default\">\n\t\t\t\t<div class=\"elementor-widget-container\">\n\t\t\t\t\t\t\t\t\t<p><span style=\"color: #54595f; font-family: arial, 'Microsoft JhengHei', sans-serif; font-size: 14px; font-style: normal; font-variant-ligatures: normal; font-variant-caps: normal; font-weight: 400; white-space: pre-wrap;\">Specialization: <\/span><br style=\"color: #54595f; font-size: 14px; white-space: pre-wrap;\" \/><span style=\"color: #54595f;\"><span style=\"font-size: 14px; white-space: pre-wrap;\">Conservation of East Asian Painting, Calligraphy and Traditional Mounting<\/span><\/span><\/p>\t\t\t\t\t\t\t\t<\/div>\n\t\t\t\t<\/div>\n\t\t\t\t\t<\/div>\n\t\t<\/div>\n\t\t\t\t\t<\/div>\n\t\t<\/section>\n\t\t\t\t<section class=\"elementor-section elementor-top-section elementor-element elementor-element-4246c69 elementor-section-boxed elementor-section-height-default elementor-section-height-default\" data-id=\"4246c69\" data-element_type=\"section\">\n\t\t\t\t\t\t<div class=\"elementor-container elementor-column-gap-default\">\n\t\t\t\t\t<div class=\"elementor-column elementor-col-50 elementor-top-column elementor-element elementor-element-8470614\" data-id=\"8470614\" data-element_type=\"column\">\n\t\t\t<div class=\"elementor-widget-wrap elementor-element-populated\">\n\t\t\t\t\t\t<div class=\"elementor-element elementor-element-2d29c4f elementor-position-left elementor-vertical-align-top elementor-widget elementor-widget-image-box\" data-id=\"2d29c4f\" data-element_type=\"widget\" data-widget_type=\"image-box.default\">\n\t\t\t\t<div class=\"elementor-widget-container\">\n\t\t\t\t\t<div class=\"elementor-image-box-wrapper\"><figure class=\"elementor-image-box-img\"><img decoding=\"async\" src=\"https:\/\/arthistory.ntnu.edu.tw\/wp-content\/uploads\/elementor\/thumbs\/image001-1-qcl4hew9pkg94pepqdnc770b1jy3fea3vtzn0bw9vs.jpg\" title=\"image001\" alt=\"image001\" loading=\"lazy\" \/><\/figure><div class=\"elementor-image-box-content\"><h3 class=\"elementor-image-box-title\">Chiu, Shih-Hua<\/h3><p class=\"elementor-image-box-description\"><b>Adjunct Assistant Professor<br><\/b><span style=\", sans-serif;font-size: 14px;font-style: normal;font-weight: 400\">Position: <\/span><span style=\", sans-serif;font-size: 14px;font-style: normal;font-weight: 400\">Researcher, Department of Calligraphy, National Palace Museum<\/span><br>PhD in Art History, National Taiwan University (Taipei, Taiwan)<\/p><\/div><\/div>\t\t\t\t<\/div>\n\t\t\t\t<\/div>\n\t\t\t\t<div class=\"elementor-element elementor-element-48b313a elementor-widget elementor-widget-text-editor\" data-id=\"48b313a\" data-element_type=\"widget\" data-widget_type=\"text-editor.default\">\n\t\t\t\t<div class=\"elementor-widget-container\">\n\t\t\t\t\t\t\t\t\t<p><span style=\"color: #54595f; font-family: arial, 'Microsoft JhengHei', sans-serif; font-size: 14px; font-style: normal; font-variant-ligatures: normal; font-variant-caps: normal; font-weight: 400; white-space: pre-wrap;\">Specialization: <br \/>Chinese Calligraphy History, Chinese Painting History, Interflow History<\/span><\/p>\t\t\t\t\t\t\t\t<\/div>\n\t\t\t\t<\/div>\n\t\t\t\t\t<\/div>\n\t\t<\/div>\n\t\t\t\t<div class=\"elementor-column elementor-col-50 elementor-top-column elementor-element elementor-element-8f5b1e4\" data-id=\"8f5b1e4\" data-element_type=\"column\">\n\t\t\t<div class=\"elementor-widget-wrap elementor-element-populated\">\n\t\t\t\t\t\t<div class=\"elementor-element elementor-element-e69ce2a elementor-position-left elementor-vertical-align-top elementor-widget elementor-widget-image-box\" data-id=\"e69ce2a\" data-element_type=\"widget\" data-widget_type=\"image-box.default\">\n\t\t\t\t<div class=\"elementor-widget-container\">\n\t\t\t\t\t<div class=\"elementor-image-box-wrapper\"><figure class=\"elementor-image-box-img\"><img decoding=\"async\" src=\"https:\/\/arthistory.ntnu.edu.tw\/wp-content\/uploads\/elementor\/thumbs\/-qbbrl4e1el6r3cvepjn1m7exp48m2ipt4loocvy9s8.jpg\" title=\"\" alt=\"\" loading=\"lazy\" \/><\/figure><div class=\"elementor-image-box-content\"><h3 class=\"elementor-image-box-title\">Chen Pedith<\/h3><p class=\"elementor-image-box-description\"><b>Adjunct Assistant Professor<\/b><b><br><\/b><br>PhD in Art History, School of Oriental and African Studies  (London, United Kingdom)<\/p><\/div><\/div>\t\t\t\t<\/div>\n\t\t\t\t<\/div>\n\t\t\t\t<div class=\"elementor-element elementor-element-cf0250c elementor-widget elementor-widget-text-editor\" data-id=\"cf0250c\" data-element_type=\"widget\" data-widget_type=\"text-editor.default\">\n\t\t\t\t<div class=\"elementor-widget-container\">\n\t\t\t\t\t\t\t\t\t<p><span style=\"color: #54595f; font-family: arial, 'Microsoft JhengHei', sans-serif; font-size: 14px; font-style: normal; font-variant-ligatures: normal; font-variant-caps: normal; font-weight: 400; white-space: pre-wrap;\">Specialization: <br \/>Modern and contemporary art and cultural production and consumption, Chinese contemporary art <\/span><\/p>\t\t\t\t\t\t\t\t<\/div>\n\t\t\t\t<\/div>\n\t\t\t\t\t<\/div>\n\t\t<\/div>\n\t\t\t\t\t<\/div>\n\t\t<\/section>\n\t\t\t\t<\/div>\n\t\t","protected":false},"excerpt":{"rendered":"<p>Adjunct faculty Contact Information (Click to view) Fuk [&hellip;]<\/p>\n","protected":false},"author":2,"featured_media":0,"parent":0,"menu_order":0,"comment_status":"closed","ping_status":"closed","template":"","meta":{"ocean_post_layout":"left-sidebar","ocean_both_sidebars_style":"","ocean_both_sidebars_content_width":0,"ocean_both_sidebars_sidebars_width":0,"ocean_sidebar":"sidebar-2","ocean_second_sidebar":"0","ocean_disable_margins":"enable","ocean_add_body_class":"","ocean_shortcode_before_top_bar":"","ocean_shortcode_after_top_bar":"","ocean_shortcode_before_header":"","ocean_shortcode_after_header":"","ocean_has_shortcode":"","ocean_shortcode_after_title":"","ocean_shortcode_before_footer_widgets":"","ocean_shortcode_after_footer_widgets":"","ocean_shortcode_before_footer_bottom":"","ocean_shortcode_after_footer_bottom":"","ocean_display_top_bar":"default","ocean_display_header":"default","ocean_header_style":"","ocean_center_header_left_menu":"0","ocean_custom_header_template":"0","ocean_custom_logo":0,"ocean_custom_retina_logo":0,"ocean_custom_logo_max_width":0,"ocean_custom_logo_tablet_max_width":0,"ocean_custom_logo_mobile_max_width":0,"ocean_custom_logo_max_height":0,"ocean_custom_logo_tablet_max_height":0,"ocean_custom_logo_mobile_max_height":0,"ocean_header_custom_menu":"0","ocean_menu_typo_font_family":"0","ocean_menu_typo_font_subset":"","ocean_menu_typo_font_size":0,"ocean_menu_typo_font_size_tablet":0,"ocean_menu_typo_font_size_mobile":0,"ocean_menu_typo_font_size_unit":"px","ocean_menu_typo_font_weight":"","ocean_menu_typo_font_weight_tablet":"","ocean_menu_typo_font_weight_mobile":"","ocean_menu_typo_transform":"","ocean_menu_typo_transform_tablet":"","ocean_menu_typo_transform_mobile":"","ocean_menu_typo_line_height":0,"ocean_menu_typo_line_height_tablet":0,"ocean_menu_typo_line_height_mobile":0,"ocean_menu_typo_line_height_unit":"","ocean_menu_typo_spacing":0,"ocean_menu_typo_spacing_tablet":0,"ocean_menu_typo_spacing_mobile":0,"ocean_menu_typo_spacing_unit":"","ocean_menu_link_color":"","ocean_menu_link_color_hover":"","ocean_menu_link_color_active":"","ocean_menu_link_background":"","ocean_menu_link_hover_background":"","ocean_menu_link_active_background":"","ocean_menu_social_links_bg":"","ocean_menu_social_hover_links_bg":"","ocean_menu_social_links_color":"","ocean_menu_social_hover_links_color":"","ocean_disable_title":"default","ocean_disable_heading":"default","ocean_post_title":"","ocean_post_subheading":"","ocean_post_title_style":"","ocean_post_title_background_color":"","ocean_post_title_background":0,"ocean_post_title_bg_image_position":"","ocean_post_title_bg_image_attachment":"","ocean_post_title_bg_image_repeat":"","ocean_post_title_bg_image_size":"","ocean_post_title_height":0,"ocean_post_title_bg_overlay":0.5,"ocean_post_title_bg_overlay_color":"","ocean_disable_breadcrumbs":"default","ocean_breadcrumbs_color":"","ocean_breadcrumbs_separator_color":"","ocean_breadcrumbs_links_color":"","ocean_breadcrumbs_links_hover_color":"","ocean_display_footer_widgets":"default","ocean_display_footer_bottom":"default","ocean_custom_footer_template":"0","footnotes":""},"class_list":["post-5557","page","type-page","status-publish","hentry","entry"],"_links":{"self":[{"href":"https:\/\/arthistory.ntnu.edu.tw\/index.php\/wp-json\/wp\/v2\/pages\/5557","targetHints":{"allow":["GET"]}}],"collection":[{"href":"https:\/\/arthistory.ntnu.edu.tw\/index.php\/wp-json\/wp\/v2\/pages"}],"about":[{"href":"https:\/\/arthistory.ntnu.edu.tw\/index.php\/wp-json\/wp\/v2\/types\/page"}],"author":[{"embeddable":true,"href":"https:\/\/arthistory.ntnu.edu.tw\/index.php\/wp-json\/wp\/v2\/users\/2"}],"replies":[{"embeddable":true,"href":"https:\/\/arthistory.ntnu.edu.tw\/index.php\/wp-json\/wp\/v2\/comments?post=5557"}],"version-history":[{"count":102,"href":"https:\/\/arthistory.ntnu.edu.tw\/index.php\/wp-json\/wp\/v2\/pages\/5557\/revisions"}],"predecessor-version":[{"id":15922,"href":"https:\/\/arthistory.ntnu.edu.tw\/index.php\/wp-json\/wp\/v2\/pages\/5557\/revisions\/15922"}],"wp:attachment":[{"href":"https:\/\/arthistory.ntnu.edu.tw\/index.php\/wp-json\/wp\/v2\/media?parent=5557"}],"curies":[{"name":"wp","href":"https:\/\/api.w.org\/{rel}","templated":true}]}}